{"id":54,"date":"2019-09-23T19:09:26","date_gmt":"2019-09-23T19:09:26","guid":{"rendered":"https:\/\/www.manuelaundmartin.at\/?page_id=54"},"modified":"2019-09-23T21:01:35","modified_gmt":"2019-09-23T21:01:35","slug":"hotel","status":"publish","type":"page","link":"https:\/\/www.manuelaundmartin.at\/?page_id=54","title":{"rendered":"Hotel"},"content":{"rendered":"\n<p>Treffpunkt: Samstag, 28.09.2019, 16:15<br>Adresse: Hilton Garden Inn, Hertha-Firnberg-Stra\u00dfe 5, 1100 Wien<\/p>\n\n\n\n<p>Anreise \u00f6ffentlich: 65A (von der Kirche aus), 7B (Bahnhof Meidling)<\/p>\n\n\n\n<p>Anreise mit dem Auto: Parkpl\u00e4tze vorhanden<br>(Einfahrt in die Tiefgarage direkt beim Hotel, Tageskarte: 5\u20ac)<\/p>\n\n\n\n<figure class=\"wp-block-image\"><img loading=\"lazy\" decoding=\"async\" width=\"1008\" height=\"675\" src=\"https:\/\/www.manuelaundmartin.at\/wp-content\/uploads\/2019\/09\/Hotel.png\" alt=\"\" class=\"wp-image-68\" srcset=\"https:\/\/www.manuelaundmartin.at\/wp-content\/uploads\/2019\/09\/Hotel.png 1008w, https:\/\/www.manuelaundmartin.at\/wp-content\/uploads\/2019\/09\/Hotel-300x201.png 300w, https:\/\/www.manuelaundmartin.at\/wp-content\/uploads\/2019\/09\/Hotel-768x514.png 768w, https:\/\/www.manuelaundmartin.at\/wp-content\/uploads\/2019\/09\/Hotel-90x60.png 90w\" sizes=\"auto, (max-width: 1008px) 100vw, 1008px\" \/><\/figure>\n","protected":false},"excerpt":{"rendered":"<p>Treffpunkt: Samstag, 28.09.2019, 16:15Adresse: Hilton Garden Inn, Hertha-Firnberg-Stra\u00dfe 5, 1100 Wien Anreise \u00f6ffentlich: 65A (von der Kirche aus), 7B (Bahnhof Meidling) Anreise mit dem Auto: Parkpl\u00e4tze vorhanden(Einfahrt in die Tiefgarage direkt beim Hotel, Tageskarte: 5\u20ac)<\/p>\n","protected":false},"author":1,"featured_media":0,"parent":0,"menu_order":0,"comment_status":"closed","ping_status":"closed","template":"","meta":{"_seopress_robots_primary_cat":"","_seopress_titles_title":"","_seopress_titles_desc":"","_seopress_robots_index":"","footnotes":""},"class_list":["post-54","page","type-page","status-publish","hentry"],"_links":{"self":[{"href":"https:\/\/www.manuelaundmartin.at\/index.php?rest_route=\/wp\/v2\/pages\/54","targetHints":{"allow":["GET"]}}],"collection":[{"href":"https:\/\/www.manuelaundmartin.at\/index.php?rest_route=\/wp\/v2\/pages"}],"about":[{"href":"https:\/\/www.manuelaundmartin.at\/index.php?rest_route=\/wp\/v2\/types\/page"}],"author":[{"embeddable":true,"href":"https:\/\/www.manuelaundmartin.at\/index.php?rest_route=\/wp\/v2\/users\/1"}],"replies":[{"embeddable":true,"href":"https:\/\/www.manuelaundmartin.at\/index.php?rest_route=%2Fwp%2Fv2%2Fcomments&post=54"}],"version-history":[{"count":3,"href":"https:\/\/www.manuelaundmartin.at\/index.php?rest_route=\/wp\/v2\/pages\/54\/revisions"}],"predecessor-version":[{"id":67,"href":"https:\/\/www.manuelaundmartin.at\/index.php?rest_route=\/wp\/v2\/pages\/54\/revisions\/67"}],"wp:attachment":[{"href":"https:\/\/www.manuelaundmartin.at\/index.php?rest_route=%2Fwp%2Fv2%2Fmedia&parent=54"}],"curies":[{"name":"wp","href":"https:\/\/api.w.org\/{rel}","templated":true}]}}