{"id":45,"date":"2019-09-22T22:14:51","date_gmt":"2019-09-22T22:14:51","guid":{"rendered":"https:\/\/www.manuelaundmartin.at\/?page_id=45"},"modified":"2019-09-23T20:46:49","modified_gmt":"2019-09-23T20:46:49","slug":"anreise","status":"publish","type":"page","link":"https:\/\/www.manuelaundmartin.at\/?page_id=45","title":{"rendered":"Kirche"},"content":{"rendered":"\n<p>Treffpunkt: Samstag, 28.09.2019, 14:30<br>Adresse: St. Anton von Padua, Antonsplatz 21, 1100 Wien<\/p>\n\n\n\n<p>Anreise \u00f6ffentlich: U1 Reumannplatz<\/p>\n\n\n\n<p>Anreise mit dem Auto: Parkpl\u00e4tze vorhanden, <br>bitte Seiteneinfahrt verwenden (siehe Pfeil unten)<\/p>\n\n\n\n<figure class=\"wp-block-image\"><img loading=\"lazy\" decoding=\"async\" width=\"854\" height=\"677\" src=\"https:\/\/www.manuelaundmartin.at\/wp-content\/uploads\/2019\/09\/Parkplatz.png\" alt=\"\" class=\"wp-image-65\" srcset=\"https:\/\/www.manuelaundmartin.at\/wp-content\/uploads\/2019\/09\/Parkplatz.png 854w, https:\/\/www.manuelaundmartin.at\/wp-content\/uploads\/2019\/09\/Parkplatz-300x238.png 300w, https:\/\/www.manuelaundmartin.at\/wp-content\/uploads\/2019\/09\/Parkplatz-768x609.png 768w, https:\/\/www.manuelaundmartin.at\/wp-content\/uploads\/2019\/09\/Parkplatz-76x60.png 76w\" sizes=\"auto, (max-width: 854px) 100vw, 854px\" \/><\/figure>\n\n\n\n<p>Alle Ankommenden k\u00f6nnen sich vor Ort mit Br\u00f6tchen st\u00e4rken, <br>bevor die Zeremonie um 14:45 startet.<\/p>\n\n\n\n<p>Bitte beachtet, dass es nicht erlaubt ist, Reis, Blumen <br>oder \u00c4hnliches zu streuen. Danke f\u00fcr eure R\u00fccksichtnahme!<\/p>\n","protected":false},"excerpt":{"rendered":"<p>Treffpunkt: Samstag, 28.09.2019, 14:30Adresse: St. Anton von Padua, Antonsplatz 21, 1100 Wien Anreise \u00f6ffentlich: U1 Reumannplatz Anreise mit dem Auto: Parkpl\u00e4tze vorhanden, bitte Seiteneinfahrt verwenden (siehe Pfeil unten) Alle Ankommenden k\u00f6nnen sich vor Ort mit Br\u00f6tchen st\u00e4rken, bevor die Zeremonie um 14:45 startet. Bitte beachtet, dass es nicht erlaubt ist, Reis, Blumen oder \u00c4hnliches zu [&hellip;]<\/p>\n","protected":false},"author":1,"featured_media":0,"parent":0,"menu_order":0,"comment_status":"closed","ping_status":"closed","template":"","meta":{"_seopress_robots_primary_cat":"","_seopress_titles_title":"","_seopress_titles_desc":"","_seopress_robots_index":"","footnotes":""},"class_list":["post-45","page","type-page","status-publish","hentry"],"_links":{"self":[{"href":"https:\/\/www.manuelaundmartin.at\/index.php?rest_route=\/wp\/v2\/pages\/45","targetHints":{"allow":["GET"]}}],"collection":[{"href":"https:\/\/www.manuelaundmartin.at\/index.php?rest_route=\/wp\/v2\/pages"}],"about":[{"href":"https:\/\/www.manuelaundmartin.at\/index.php?rest_route=\/wp\/v2\/types\/page"}],"author":[{"embeddable":true,"href":"https:\/\/www.manuelaundmartin.at\/index.php?rest_route=\/wp\/v2\/users\/1"}],"replies":[{"embeddable":true,"href":"https:\/\/www.manuelaundmartin.at\/index.php?rest_route=%2Fwp%2Fv2%2Fcomments&post=45"}],"version-history":[{"count":3,"href":"https:\/\/www.manuelaundmartin.at\/index.php?rest_route=\/wp\/v2\/pages\/45\/revisions"}],"predecessor-version":[{"id":66,"href":"https:\/\/www.manuelaundmartin.at\/index.php?rest_route=\/wp\/v2\/pages\/45\/revisions\/66"}],"wp:attachment":[{"href":"https:\/\/www.manuelaundmartin.at\/index.php?rest_route=%2Fwp%2Fv2%2Fmedia&parent=45"}],"curies":[{"name":"wp","href":"https:\/\/api.w.org\/{rel}","templated":true}]}}